{"id":3335,"date":"2021-01-29T21:15:46","date_gmt":"2021-01-29T19:15:46","guid":{"rendered":"https:\/\/blog.atlant.is\/?page_id=3335"},"modified":"2021-01-29T21:17:32","modified_gmt":"2021-01-29T19:17:32","slug":"fred","status":"publish","type":"page","link":"https:\/\/blog.douzeb.is\/?page_id=3335","title":{"rendered":"fred"},"content":{"rendered":"<div class=\"pt-cv-wrapper\"><div class=\"pt-cv-view pt-cv-grid pt-cv-colsys\" id=\"pt-cv-view-c65c27epae\"><div data-id=\"pt-cv-page-1\" class=\"pt-cv-page\" data-cvc=\"1\"><div class=\"col-md-12 col-sm-6 col-xs-12 pt-cv-content-item pt-cv-2-col\" ><div class='pt-cv-ifield'><a href=\"https:\/\/blog.douzeb.is\/?p=6271\" class=\"_self pt-cv-href-thumbnail pt-cv-thumb-right\" target=\"_self\" ><img width=\"150\" height=\"150\" src=\"https:\/\/blog.douzeb.is\/wp-content\/uploads\/2022\/12\/reluctant-jane-thumb-150x150.jpg\" class=\"pt-cv-thumbnail pull-right\" alt=\"\" decoding=\"async\" loading=\"lazy\" srcset=\"https:\/\/blog.douzeb.is\/wp-content\/uploads\/2022\/12\/reluctant-jane-thumb-150x150.jpg 150w, https:\/\/blog.douzeb.is\/wp-content\/uploads\/2022\/12\/reluctant-jane-thumb-300x300.jpg 300w, https:\/\/blog.douzeb.is\/wp-content\/uploads\/2022\/12\/reluctant-jane-thumb-768x768.jpg 768w, https:\/\/blog.douzeb.is\/wp-content\/uploads\/2022\/12\/reluctant-jane-thumb.jpg 1024w\" sizes=\"(max-width: 150px) 100vw, 150px\" \/><\/a>\n<h3 class=\"pt-cv-title\"><a href=\"https:\/\/blog.douzeb.is\/?p=6271\" class=\"_self\" target=\"_self\" >Jane&rsquo;s infinite rosary<\/a><\/h3>\n<div class=\"pt-cv-content\">This mathematical treat was inspired by Jane Street's puzzle: Traversing the Infinite Sidewalk. I shared the puzzle with my mathematical ...<br \/><a href=\"https:\/\/blog.douzeb.is\/?p=6271\" class=\"_self pt-cv-readmore btn btn-success\" target=\"_self\">LIRE LA SUITE<\/a><\/div><\/div><\/div>\n<div class=\"col-md-12 col-sm-6 col-xs-12 pt-cv-content-item pt-cv-2-col\" ><div class='pt-cv-ifield'><a href=\"https:\/\/blog.douzeb.is\/?p=4034\" class=\"_self pt-cv-href-thumbnail pt-cv-thumb-right\" target=\"_self\" ><img width=\"150\" height=\"150\" src=\"https:\/\/blog.douzeb.is\/wp-content\/uploads\/2022\/12\/reluctant-jane-thumb-150x150.jpg\" class=\"pt-cv-thumbnail pull-right\" alt=\"\" decoding=\"async\" loading=\"lazy\" srcset=\"https:\/\/blog.douzeb.is\/wp-content\/uploads\/2022\/12\/reluctant-jane-thumb-150x150.jpg 150w, https:\/\/blog.douzeb.is\/wp-content\/uploads\/2022\/12\/reluctant-jane-thumb-300x300.jpg 300w, https:\/\/blog.douzeb.is\/wp-content\/uploads\/2022\/12\/reluctant-jane-thumb-768x768.jpg 768w, https:\/\/blog.douzeb.is\/wp-content\/uploads\/2022\/12\/reluctant-jane-thumb.jpg 1024w\" sizes=\"(max-width: 150px) 100vw, 150px\" \/><\/a>\n<h3 class=\"pt-cv-title\"><a href=\"https:\/\/blog.douzeb.is\/?p=4034\" class=\"_self\" target=\"_self\" >Jane&rsquo;s infinite rosary<\/a><\/h3>\n<div class=\"pt-cv-content\">This mathematical treat was inspired by Jane Street's puzzle: Traversing the Infinite Sidewalk. I shared the puzzle with my mathematical ...<br \/><a href=\"https:\/\/blog.douzeb.is\/?p=4034\" class=\"_self pt-cv-readmore btn btn-success\" target=\"_self\">LIRE LA SUITE<\/a><\/div><\/div><\/div>\n<div class=\"col-md-12 col-sm-6 col-xs-12 pt-cv-content-item pt-cv-2-col\" ><div class='pt-cv-ifield'><a href=\"https:\/\/blog.douzeb.is\/?p=4012\" class=\"_self pt-cv-href-thumbnail pt-cv-thumb-right\" target=\"_self\" ><img width=\"150\" height=\"150\" src=\"https:\/\/blog.douzeb.is\/wp-content\/uploads\/2022\/11\/dead-twitter-150x150.jpg\" class=\"pt-cv-thumbnail pull-right\" alt=\"\" decoding=\"async\" loading=\"lazy\" srcset=\"https:\/\/blog.douzeb.is\/wp-content\/uploads\/2022\/11\/dead-twitter-150x150.jpg 150w, https:\/\/blog.douzeb.is\/wp-content\/uploads\/2022\/11\/dead-twitter-300x300.jpg 300w, https:\/\/blog.douzeb.is\/wp-content\/uploads\/2022\/11\/dead-twitter-768x768.jpg 768w, https:\/\/blog.douzeb.is\/wp-content\/uploads\/2022\/11\/dead-twitter.jpg 799w\" sizes=\"(max-width: 150px) 100vw, 150px\" \/><\/a>\n<h3 class=\"pt-cv-title\"><a href=\"https:\/\/blog.douzeb.is\/?p=4012\" class=\"_self\" target=\"_self\" >Bye Twitter<\/a><\/h3>\n<div class=\"pt-cv-content\"> ...<br \/><a href=\"https:\/\/blog.douzeb.is\/?p=4012\" class=\"_self pt-cv-readmore btn btn-success\" target=\"_self\">LIRE LA SUITE<\/a><\/div><\/div><\/div>\n<div class=\"col-md-12 col-sm-6 col-xs-12 pt-cv-content-item pt-cv-2-col\" ><div class='pt-cv-ifield'><a href=\"https:\/\/blog.douzeb.is\/?p=3702\" class=\"_self pt-cv-href-thumbnail pt-cv-thumb-right\" target=\"_self\" ><img width=\"150\" height=\"150\" src=\"https:\/\/blog.douzeb.is\/wp-content\/uploads\/2022\/11\/sts15-150x150.jpg\" class=\"pt-cv-thumbnail pull-right\" alt=\"\" decoding=\"async\" loading=\"lazy\" srcset=\"https:\/\/blog.douzeb.is\/wp-content\/uploads\/2022\/11\/sts15-150x150.jpg 150w, https:\/\/blog.douzeb.is\/wp-content\/uploads\/2022\/11\/sts15-300x300.jpg 300w, https:\/\/blog.douzeb.is\/wp-content\/uploads\/2022\/11\/sts15-1022x1024.jpg 1022w, https:\/\/blog.douzeb.is\/wp-content\/uploads\/2022\/11\/sts15-768x770.jpg 768w, https:\/\/blog.douzeb.is\/wp-content\/uploads\/2022\/11\/sts15.jpg 1024w\" sizes=\"(max-width: 150px) 100vw, 150px\" \/><\/a>\n<h3 class=\"pt-cv-title\"><a href=\"https:\/\/blog.douzeb.is\/?p=3702\" class=\"_self\" target=\"_self\" >Steiner Triple Systems<\/a><\/h3>\n<div class=\"pt-cv-content\">[WORK IN PROGRESS] A Steiner Triple System - STS for short - denoted by $\\left(X, {\\cal T}_X\\right)$ is a finite ...<br \/><a href=\"https:\/\/blog.douzeb.is\/?p=3702\" class=\"_self pt-cv-readmore btn btn-success\" target=\"_self\">LIRE LA SUITE<\/a><\/div><\/div><\/div>\n<div class=\"col-md-12 col-sm-6 col-xs-12 pt-cv-content-item pt-cv-2-col\" ><div class='pt-cv-ifield'><a href=\"https:\/\/blog.douzeb.is\/?p=3697\" class=\"_self pt-cv-href-thumbnail pt-cv-thumb-right\" target=\"_self\" ><img width=\"150\" height=\"150\" src=\"https:\/\/blog.douzeb.is\/wp-content\/uploads\/2022\/09\/nextcloud-150x150.png\" class=\"pt-cv-thumbnail pull-right\" alt=\"\" decoding=\"async\" loading=\"lazy\" srcset=\"https:\/\/blog.douzeb.is\/wp-content\/uploads\/2022\/09\/nextcloud-150x150.png 150w, https:\/\/blog.douzeb.is\/wp-content\/uploads\/2022\/09\/nextcloud-300x300.png 300w, https:\/\/blog.douzeb.is\/wp-content\/uploads\/2022\/09\/nextcloud.png 512w\" sizes=\"(max-width: 150px) 100vw, 150px\" \/><\/a>\n<h3 class=\"pt-cv-title\"><a href=\"https:\/\/blog.douzeb.is\/?p=3697\" class=\"_self\" target=\"_self\" >Nextcloud PR#915 &#8211; At last \ud83d\ude42<\/a><\/h3>\n<div class=\"pt-cv-content\">Add support for video captions in Nextcloud. github.com\/nextcloud Pull request #915 for issue #239 was merged on Sept 1st. I'm ...<br \/><a href=\"https:\/\/blog.douzeb.is\/?p=3697\" class=\"_self pt-cv-readmore btn btn-success\" target=\"_self\">LIRE LA SUITE<\/a><\/div><\/div><\/div>\n<div class=\"col-md-12 col-sm-6 col-xs-12 pt-cv-content-item pt-cv-2-col\" ><div class='pt-cv-ifield'><a href=\"https:\/\/blog.douzeb.is\/?p=3690\" class=\"_self pt-cv-href-thumbnail pt-cv-thumb-right\" target=\"_self\" ><img width=\"150\" height=\"150\" src=\"https:\/\/blog.douzeb.is\/wp-content\/uploads\/2022\/02\/2022-150x150.jpeg\" class=\"pt-cv-thumbnail pull-right\" alt=\"\" decoding=\"async\" loading=\"lazy\" \/><\/a>\n<h3 class=\"pt-cv-title\"><a href=\"https:\/\/blog.douzeb.is\/?p=3690\" class=\"_self\" target=\"_self\" >Fabien Roussel<\/a><\/h3>\n<div class=\"pt-cv-content\">Fabien Roussel, Ao\u00fbt 2021 D\u00e9fense de la la\u00efcit\u00e9. Ind\u00e9pendance \u00e9nerg\u00e9tique et \u00e9nergie d\u00e9carbon\u00e9e. Sobri\u00e9t\u00e9 et qualit\u00e9 de vie. Lutte contre ...<br \/><a href=\"https:\/\/blog.douzeb.is\/?p=3690\" class=\"_self pt-cv-readmore btn btn-success\" target=\"_self\">LIRE LA SUITE<\/a><\/div><\/div><\/div>\n<div class=\"col-md-12 col-sm-6 col-xs-12 pt-cv-content-item pt-cv-2-col\" ><div class='pt-cv-ifield'><a href=\"https:\/\/blog.douzeb.is\/?p=3659\" class=\"_self pt-cv-href-thumbnail pt-cv-thumb-right\" target=\"_self\" ><img width=\"150\" height=\"150\" src=\"https:\/\/blog.douzeb.is\/wp-content\/uploads\/2021\/03\/hp9825-trap-150x150.jpg\" class=\"pt-cv-thumbnail pull-right\" alt=\"\" decoding=\"async\" loading=\"lazy\" \/><\/a>\n<h3 class=\"pt-cv-title\"><a href=\"https:\/\/blog.douzeb.is\/?p=3659\" class=\"_self\" target=\"_self\" >Trap shooting on HP 9825<\/a><\/h3>\n<div class=\"pt-cv-content\">Thanks uncle Paul for the coding ...<br \/><a href=\"https:\/\/blog.douzeb.is\/?p=3659\" class=\"_self pt-cv-readmore btn btn-success\" target=\"_self\">LIRE LA SUITE<\/a><\/div><\/div><\/div>\n<div class=\"col-md-12 col-sm-6 col-xs-12 pt-cv-content-item pt-cv-2-col\" ><div class='pt-cv-ifield'><a href=\"https:\/\/blog.douzeb.is\/?p=3655\" class=\"_self pt-cv-href-thumbnail pt-cv-thumb-right\" target=\"_self\" ><img width=\"150\" height=\"150\" src=\"https:\/\/blog.douzeb.is\/wp-content\/uploads\/2021\/03\/apple-ii-150x150.jpg\" class=\"pt-cv-thumbnail pull-right\" alt=\"\" decoding=\"async\" loading=\"lazy\" srcset=\"https:\/\/blog.douzeb.is\/wp-content\/uploads\/2021\/03\/apple-ii-150x150.jpg 150w, https:\/\/blog.douzeb.is\/wp-content\/uploads\/2021\/03\/apple-ii-300x300.jpg 300w, https:\/\/blog.douzeb.is\/wp-content\/uploads\/2021\/03\/apple-ii-1024x1024.jpg 1024w, https:\/\/blog.douzeb.is\/wp-content\/uploads\/2021\/03\/apple-ii-768x768.jpg 768w, https:\/\/blog.douzeb.is\/wp-content\/uploads\/2021\/03\/apple-ii.jpg 1056w\" sizes=\"(max-width: 150px) 100vw, 150px\" \/><\/a>\n<h3 class=\"pt-cv-title\"><a href=\"https:\/\/blog.douzeb.is\/?p=3655\" class=\"_self\" target=\"_self\" >PDF post-processing<\/a><\/h3>\n<div class=\"pt-cv-content\">Apple II Reference Manual (1979) -- Ready for OCR Useful tools: QPDFOCRmyPDFAbby FineReader ...<br \/><a href=\"https:\/\/blog.douzeb.is\/?p=3655\" class=\"_self pt-cv-readmore btn btn-success\" target=\"_self\">LIRE LA SUITE<\/a><\/div><\/div><\/div>\n<div class=\"col-md-12 col-sm-6 col-xs-12 pt-cv-content-item pt-cv-2-col\" ><div class='pt-cv-ifield'><a href=\"https:\/\/blog.douzeb.is\/?p=3627\" class=\"_self pt-cv-href-thumbnail pt-cv-thumb-right\" target=\"_self\" ><\/a>\n<h3 class=\"pt-cv-title\"><a href=\"https:\/\/blog.douzeb.is\/?p=3627\" class=\"_self\" target=\"_self\" >Subscriptions<\/a><\/h3>\n<div class=\"pt-cv-content\">isnic.is atlant.is12b.is gandi.net ruget.orghpmuseum.euenarles.net2021-05-26 x.is atlant.is12b.is ovh.com atlantis ...<br \/><a href=\"https:\/\/blog.douzeb.is\/?p=3627\" class=\"_self pt-cv-readmore btn btn-success\" target=\"_self\">LIRE LA SUITE<\/a><\/div><\/div><\/div>\n<div class=\"col-md-12 col-sm-6 col-xs-12 pt-cv-content-item pt-cv-2-col\" ><div class='pt-cv-ifield'><a href=\"https:\/\/blog.douzeb.is\/?p=3623\" class=\"_self pt-cv-href-thumbnail pt-cv-thumb-right\" target=\"_self\" ><img width=\"150\" height=\"150\" src=\"https:\/\/blog.douzeb.is\/wp-content\/uploads\/2021\/02\/ww-church-150x150.jpg\" class=\"pt-cv-thumbnail pull-right\" alt=\"\" decoding=\"async\" loading=\"lazy\" \/><\/a>\n<h3 class=\"pt-cv-title\"><a href=\"https:\/\/blog.douzeb.is\/?p=3623\" class=\"_self\" target=\"_self\" >Reveries<\/a><\/h3>\n<div class=\"pt-cv-content\">Vasquez Rocks in the Sierra Pelona Mountains, California Ford: Eventually, you solved his maze, Dolores. The key was a simple ...<br \/><a href=\"https:\/\/blog.douzeb.is\/?p=3623\" class=\"_self pt-cv-readmore btn btn-success\" target=\"_self\">LIRE LA SUITE<\/a><\/div><\/div><\/div><\/div><\/div>\n<div class=\" pt-cv-pagination-wrapper\"><ul class=\"pt-cv-pagination pt-cv-ajax pagination\" data-totalpages=\"13\" data-currentpage=\"1\" data-sid=\"c65c27epae\" data-unid=\"\"><li class=\"active\"><a href=\"#\">1<\/a><\/li>\n\t<li ><a class=\"\" href=\"https:\/\/blog.douzeb.is\/index.php\/?_page=2&#038;rest_route=%2Fwp%2Fv2%2Fpages%2F3335\">2<\/a><\/li>\n\t<li ><a class=\"\" href=\"https:\/\/blog.douzeb.is\/index.php\/?_page=3&#038;rest_route=%2Fwp%2Fv2%2Fpages%2F3335\">3<\/a><\/li>\n\t<li ><a href=\"#\">\u2026<\/a><\/li>\n\t<li ><a class=\"\" href=\"https:\/\/blog.douzeb.is\/index.php\/?_page=13&#038;rest_route=%2Fwp%2Fv2%2Fpages%2F3335\">13<\/a><\/li>\n\t<li ><a class=\" \" href=\"https:\/\/blog.douzeb.is\/index.php\/?_page=2&#038;rest_route=%2Fwp%2Fv2%2Fpages%2F3335\">&rsaquo;<\/a><\/li>\n\t<\/ul><img width=\"15\" height=\"15\" class=\"pt-cv-spinner\" alt=\"Chargement\u2026\" src=\"data:image\/gif;base64,R0lGODlhDwAPALMPAMrKygwMDJOTkz09PZWVla+vr3p6euTk5M7OzuXl5TMzMwAAAJmZmWZmZszMzP\/\/\/yH\/C05FVFNDQVBFMi4wAwEAAAAh+QQFCgAPACwAAAAADwAPAAAEQvDJaZaZOIcV8iQK8VRX4iTYoAwZ4iCYoAjZ4RxejhVNoT+mRGP4cyF4Pp0N98sBGIBMEMOotl6YZ3S61Bmbkm4mAgAh+QQFCgAPACwAAAAADQANAAAENPDJSRSZeA418itN8QiK8BiLITVsFiyBBIoYqnoewAD4xPw9iY4XLGYSjkQR4UAUD45DLwIAIfkEBQoADwAsAAAAAA8ACQAABC\/wyVlamTi3nSdgwFNdhEJgTJoNyoB9ISYoQmdjiZPcj7EYCAeCF1gEDo4Dz2eIAAAh+QQFCgAPACwCAAAADQANAAAEM\/DJBxiYeLKdX3IJZT1FU0iIg2RNKx3OkZVnZ98ToRD4MyiDnkAh6BkNC0MvsAj0kMpHBAAh+QQFCgAPACwGAAAACQAPAAAEMDC59KpFDll73HkAA2wVY5KgiK5b0RRoI6MuzG6EQqCDMlSGheEhUAgqgUUAFRySIgAh+QQFCgAPACwCAAIADQANAAAEM\/DJKZNLND\/kkKaHc3xk+QAMYDKsiaqmZCxGVjSFFCxB1vwy2oOgIDxuucxAMTAJFAJNBAAh+QQFCgAPACwAAAYADwAJAAAEMNAs86q1yaWwwv2Ig0jUZx3OYa4XoRAfwADXoAwfo1+CIjyFRuEho60aSNYlOPxEAAAh+QQFCgAPACwAAAIADQANAAAENPA9s4y8+IUVcqaWJ4qEQozSoAzoIyhCK2NFU2SJk0hNnyEOhKR2AzAAj4Pj4GE4W0bkJQIAOw==\" \/><div class=\"clear pt-cv-clear-pagination\"><\/div><\/div><\/div>\n","protected":false},"excerpt":{"rendered":"","protected":false},"author":1,"featured_media":0,"parent":0,"menu_order":0,"comment_status":"closed","ping_status":"closed","template":"","meta":[],"ppma_author":[76],"_links":{"self":[{"href":"https:\/\/blog.douzeb.is\/index.php?rest_route=\/wp\/v2\/pages\/3335"}],"collection":[{"href":"https:\/\/blog.douzeb.is\/index.php?rest_route=\/wp\/v2\/pages"}],"about":[{"href":"https:\/\/blog.douzeb.is\/index.php?rest_route=\/wp\/v2\/types\/page"}],"author":[{"embeddable":true,"href":"https:\/\/blog.douzeb.is\/index.php?rest_route=\/wp\/v2\/users\/1"}],"replies":[{"embeddable":true,"href":"https:\/\/blog.douzeb.is\/index.php?rest_route=%2Fwp%2Fv2%2Fcomments&post=3335"}],"version-history":[{"count":2,"href":"https:\/\/blog.douzeb.is\/index.php?rest_route=\/wp\/v2\/pages\/3335\/revisions"}],"predecessor-version":[{"id":3338,"href":"https:\/\/blog.douzeb.is\/index.php?rest_route=\/wp\/v2\/pages\/3335\/revisions\/3338"}],"wp:attachment":[{"href":"https:\/\/blog.douzeb.is\/index.php?rest_route=%2Fwp%2Fv2%2Fmedia&parent=3335"}],"wp:term":[{"taxonomy":"author","embeddable":true,"href":"https:\/\/blog.douzeb.is\/index.php?rest_route=%2Fwp%2Fv2%2Fppma_author&post=3335"}],"curies":[{"name":"wp","href":"https:\/\/api.w.org\/{rel}","templated":true}]}}